{"id":1634,"date":"2015-07-16T23:39:41","date_gmt":"2015-07-17T02:39:41","guid":{"rendered":"http:\/\/webvasco.com\/artigos\/?page_id=1634"},"modified":"2016-05-29T00:49:37","modified_gmt":"2016-05-29T03:49:37","slug":"sobre-o-webvasco","status":"publish","type":"page","link":"https:\/\/webvasco.com\/artigos\/sobre-o-webvasco\/","title":{"rendered":"Sobre o Webvasco"},"content":{"rendered":"<p>O portal Web Vasco \u00e9 um portal de opini\u00f5es espec\u00edfico para a grande fam\u00edlia vasca\u00edna.<\/p>\n<p>Seu objetivo \u00e9 fornecer para\u00a0a comunidade mundial de torcedores do Clube de Regatas Vasco da Gama mat\u00e9rias espec\u00edficas sobre o Vasco, priorizando o conte\u00fado, e construindo dia ap\u00f3s dia um senso cr\u00edtico que ajude o clube a crescer como institui\u00e7\u00e3o e\u00a0aproximando todos n\u00f3s unicamente pelos la\u00e7os de amor e paix\u00e3o que nos unem, sem adotar qualquer linha ideol\u00f3gica-partid\u00e1ria como bandeira.<\/p>\n<p><strong>LINHA EDITORIAL<\/strong><\/p>\n<p>Nossa linha editorial prop\u00f5e e sugere\u00a0a diretiva de comentar a\u00e7\u00f5es e id\u00e9ias, jamais pessoas. O Webvasco, como portal, n\u00e3o ter\u00e1\u00a0partidariza\u00e7\u00e3o por qualquer dirigente ou ex-dirigente, seja ele quem for. Nossas cr\u00edticas e elogios ser\u00e3o sempre por a\u00e7\u00f5es das administra\u00e7\u00f5es, jamais pelo dirigente que as praticou. Dessa forma, temos a total liberdade e independ\u00eancia pol\u00edtica em rela\u00e7\u00e3o a qualquer administra\u00e7\u00e3o do Vasco. Tamb\u00e9m n\u00e3o incentivamos sob qualquer hip\u00f3tese quaisquer a\u00e7\u00f5es que venham a denegrir a imagem de outros clubes &#8211; nosso objetivo \u00e9 t\u00e3o somente apoiar o Vasco e tudo que possa ajud\u00e1-lo a se tornar cada vez maior. Quando houver necessidade de se fazer cr\u00edticas, seguiremos sempre o norte de sugerir solu\u00e7\u00f5es ou indicar caminhos poss\u00edveis, sempre evitando a &#8220;cr\u00edtica pela cr\u00edtica&#8221;, que n\u00e3o ajuda em nada o clube e apenas ajuda a criar ciz\u00e2nias desnecess\u00e1rias. Por fim, nosso ve\u00edculo \u00e9 totalmente democr\u00e1tico, aceitando qualquer linha de pensamento do clube como sendo v\u00e1lido e leg\u00edtimo, desde que o mesmo tamb\u00e9m\u00a0se enquadre\u00a0nos princ\u00edpios de respeito \u00e0 liberdade de pensamento e de express\u00e3o de cada vasca\u00edno.<\/p>\n<p><strong>COLUNISTAS<\/strong><\/p>\n<p>Apesar da proposta de nossa linha editorial em n\u00e3o possuir partidariza\u00e7\u00e3o, mas tendo em vista o princ\u00edpio de que o Portal Webvasco \u00e9 um ve\u00edculo de comunica\u00e7\u00e3o que abriga toda e qualquer linha de pensamento dentro da fam\u00edlia vasca\u00edna, nossos colunistas seguem suas pr\u00f3prias convic\u00e7\u00f5es. Por esse motivo, \u00a0o portal Webvasco n\u00e3o cerceia o livre pensar de seus colunistas e qualquer ofensa a pessoas ou institui\u00e7\u00f5es s\u00e3o de \u00fanica e exclusiva responsabilidade do colunista. Entretanto, por justamente n\u00e3o concordar com ofensas pessoais, solicitamos que nossos leitores nos relatem qualquer poss\u00edvel desvio de nossos colunistas.<\/p>\n<p><strong>AN\u00daNCIOS<\/strong><\/p>\n<p>Apesar de ter sido constru\u00eddo exclusivamente para contribuir com o crescimento quantitativo e qualitativo da torcida do Vasco, nosso portal pode apresentar\u00a0an\u00fancios que nos ajudam a diminuir os custos que possu\u00edmos com o mesmo. Portanto, sempre que poss\u00edvel, prestigie nossos anunciantes.<\/p>\n<p>A empresa que produz os an\u00fancios direciona, sempre que poss\u00edvel, an\u00fancios na \u00e1rea esportiva. Portanto, se por acaso aparecer an\u00fancios de outros clubes que n\u00e3o o Vasco, pedimos antecipadamente desculpas, j\u00e1 que\u00a0o mecanismo de filtragem de conte\u00fado nem sempre \u00e9 perfeito.<\/p>\n<p><strong>Obrigado por prestigiar nosso portal!<\/strong><\/p>\n<p>Caro\u00a0vasca\u00edno!\u00a0Se voc\u00ea gosta de leitura e quer encontrar um bom conte\u00fado sobre seu clube de cora\u00e7\u00e3o, voc\u00ea est\u00e1 em um lugar que objetiva isso. Esperamos que voc\u00ea se divirta e se torne cada vez mais apaixonado pelo seu clube assim como n\u00f3s, afinal, o Vasco \u00e9 o Time do Amor!<\/p>\n<p><strong>Equipe WebVasco<\/strong><\/p>\n","protected":false},"excerpt":{"rendered":"<p>O portal Web Vasco \u00e9 um portal de opini\u00f5es espec\u00edfico para a grande fam\u00edlia vasca\u00edna&#8230;.<\/p>\n","protected":false},"author":1,"featured_media":0,"parent":0,"menu_order":0,"comment_status":"open","ping_status":"closed","template":"","meta":{"footnotes":""},"class_list":["post-1634","page","type-page","status-publish","hentry"],"_links":{"self":[{"href":"https:\/\/webvasco.com\/artigos\/wp-json\/wp\/v2\/pages\/1634","targetHints":{"allow":["GET"]}}],"collection":[{"href":"https:\/\/webvasco.com\/artigos\/wp-json\/wp\/v2\/pages"}],"about":[{"href":"https:\/\/webvasco.com\/artigos\/wp-json\/wp\/v2\/types\/page"}],"author":[{"embeddable":true,"href":"https:\/\/webvasco.com\/artigos\/wp-json\/wp\/v2\/users\/1"}],"replies":[{"embeddable":true,"href":"https:\/\/webvasco.com\/artigos\/wp-json\/wp\/v2\/comments?post=1634"}],"version-history":[{"count":7,"href":"https:\/\/webvasco.com\/artigos\/wp-json\/wp\/v2\/pages\/1634\/revisions"}],"predecessor-version":[{"id":7843,"href":"https:\/\/webvasco.com\/artigos\/wp-json\/wp\/v2\/pages\/1634\/revisions\/7843"}],"wp:attachment":[{"href":"https:\/\/webvasco.com\/artigos\/wp-json\/wp\/v2\/media?parent=1634"}],"curies":[{"name":"wp","href":"https:\/\/api.w.org\/{rel}","templated":true}]}}